{"id":272,"date":"2025-05-19T13:14:19","date_gmt":"2025-05-19T13:14:19","guid":{"rendered":"https:\/\/kyarabarcelona.com\/faq\/"},"modified":"2025-12-09T09:03:25","modified_gmt":"2025-12-09T09:03:25","slug":"faq","status":"publish","type":"page","link":"https:\/\/kyarabarcelona.com\/es\/faq\/","title":{"rendered":"Preguntas frecuentes"},"content":{"rendered":"\n<div class=\"wp-block-group has-global-padding is-content-justification-left is-layout-constrained wp-container-core-group-is-layout-15b02222 wp-block-group-is-layout-constrained\" style=\"padding-left:var(--wp--preset--spacing--80)\">\n<h1 class=\"wp-block-heading\">Preguntas frecuentes<\/h1>\n\n\n\n<details class=\"wp-block-details has-medium-font-size is-layout-flow wp-block-details-is-layout-flow\"><summary><strong>\u00bfD\u00f3nde estamos ubicados?<\/strong><\/summary>\n<p>Nos encontramos en la 5ta planta del <strong>Hotel SLS Barcelona<\/strong> <br><strong>Port Forum, Carrer de la Pau, 2, 08930 Barcelona.<\/strong> <br>Consulta el mapa en la secci\u00f3n <em>Contacto<\/em> o en Google Maps.<\/p>\n<\/details>\n\n\n\n<details class=\"wp-block-details has-medium-font-size is-layout-flow wp-block-details-is-layout-flow\"><summary><strong><strong>\u00bfCu\u00e1l es el horario de apertura?<\/strong><\/strong><\/summary>\n<p>Los horarios de nuestra cocina son:<br><strong>Martes y Miercoles :<\/strong> Cerrado<br><strong>Lunes, Jueves, <strong>Viernes, S\u00e1bado<\/strong><\/strong> <strong>y Domingo:<\/strong> 19:00 a 02:00<br><\/p>\n\n\n\n<p>Lunes y martes: Cerrado <br>Mi\u00e9rcoles, jueves y domingo: 18:00 a 01:00 <br>Viernes y s\u00e1bado: 18:00 a 02:00 <br> <br>El \u00faltimo acceso es 30 minutos antes del cierre.<\/p>\n<\/details>\n\n\n\n<details class=\"wp-block-details is-layout-flow wp-block-details-is-layout-flow\"><summary><strong><strong><strong>\u00bfQu\u00e9 tipo de bar es Kyara?<\/strong><\/strong><\/strong><br><\/summary>\n<p>Kyara is a postmodern cocktail bar that fuses beautiful and unusual ingredients with classic cocktail traditions.<\/p>\n<\/details>\n\n\n\n<details class=\"wp-block-details is-layout-flow wp-block-details-is-layout-flow\"><summary><strong>\u00bfPor qu\u00e9 el nombre Kyara?<\/strong><\/summary>\n<p>El nombre proviene del antiguo \u201cKyara\u201d, la m\u00e1s alta categor\u00eda del m\u00edstico aloewood arom\u00e1tico, un ingrediente precioso y escaso, cuyo valor por kilo supera incluso al del oro.<\/p>\n<\/details>\n\n\n\n<details class=\"wp-block-details is-layout-flow wp-block-details-is-layout-flow\"><summary><strong><strong>\u00bfCu\u00e1l es el concepto de Kyara?<\/strong><\/strong><\/summary>\n<p>Kyara es un vibrante y conceptual bar de hotel que combina ingredientes no convencionales con c\u00f3cteles cl\u00e1sicos. Su est\u00e9tica minimalista, inspirada en la <em>ucron\u00eda<\/em>, explora un universo posmoderno y dist\u00f3pico de la cocteler\u00eda, donde los cl\u00e1sicos se reinterpretan a trav\u00e9s de una mirada innovadora. <\/p>\n\n\n\n<p>El espacio est\u00e1 protagonizado por una espectacular <strong>sala de compuestos<\/strong>, que alberga una biblioteca de destilados, extractos y acordes, donde se dise\u00f1an nuestras recetas y se ofrece una experiencia de martini personalizada, el <em>martini diagnosis<\/em>.<\/p>\n\n\n\n<p>Kyara ofrece bebidas y snacks \u00fanicos, imposibles de encontrar en otro lugar, desde el aperitivo y el atardecer hasta la fiesta nocturna.<\/p>\n\n\n\n<p>El objetivo de Kyara es explorar c\u00f3mo evolucionar\u00e1 la cultura de los bares de c\u00f3cteles modernos en el futuro.<\/p>\n\n\n\n<ul class=\"wp-block-list\">\n<li>A <strong>postmodern bar<\/strong> responds to the inconsistencies of modern mixology by offering high-precision flavor extractions and recipes in a clear, accessible format.<\/li>\n<\/ul>\n\n\n\n<ul class=\"wp-block-list\">\n<li>Un bar <strong>posmoderno<\/strong> celebra los ingredientes no convencionales.<\/li>\n<\/ul>\n\n\n\n<ul class=\"wp-block-list\">\n<li>Un bar <strong>posmoderno<\/strong> formula construcciones de recetas novedosas, combinando distintas materias primas para crear una composici\u00f3n \u00fanica y distintiva, reconocible por s\u00ed sola: un acorde de c\u00f3ctel.<\/li>\n<\/ul>\n<\/details>\n\n\n\n<details class=\"wp-block-details is-layout-flow wp-block-details-is-layout-flow\"><summary><strong><strong><strong>\u00bfC\u00f3mo es vuestra carta?<\/strong><\/strong><\/strong><\/summary>\n<p>El men\u00fa de c\u00f3cteles gira en torno a <strong>ocho familias olfativas<\/strong> inspiradas en los acordes de perfumer\u00eda, cada una ofreciendo una nueva perspectiva sobre los cl\u00e1sicos.<\/p>\n\n\n\n<p>Un acorde es la combinaci\u00f3n de materias primas para crear una composici\u00f3n \u00fanica y distintiva, reconocible por s\u00ed sola.<\/p>\n\n\n\n<p><strong>Frutas \u2013 C\u00edtricos \u2013 Florales \u2013 \u00c1mbar \u2013 Chypre \u2013 Cuero \u2013 Maderas \u2013 Arom\u00e1ticos<\/strong><\/p>\n<\/details>\n\n\n\n<details class=\"wp-block-details is-layout-flow wp-block-details-is-layout-flow\"><summary><strong>\u00bfC\u00f3mo describir\u00edan Kyara en 7 palabras?How would you describe Kyara in 7 words?<\/strong><\/summary>\n<p><strong>Vibrante \u2013 Cercano \u2013 Divertido \u2013 Aventurero \u2013 Inclusivo \u2013 Aut\u00e9ntico \u2013 Enfocado<\/strong><\/p>\n<\/details>\n\n\n\n<details class=\"wp-block-details is-layout-flow wp-block-details-is-layout-flow\"><summary><strong><strong>\u00bfCu\u00e1les son los valores fundamentales de Kyara?<\/strong><\/strong><\/summary>\n<p><strong><strong>Creatividad \u2013 Integridad \u2013 Est\u00e9tica como gu\u00eda \u2013 Enfoque en el producto \u2013 Car\u00e1cter distintivo \u2013 Esp\u00edritu l\u00fadico<\/strong><\/strong><\/p>\n<\/details>\n\n\n\n<details class=\"wp-block-details is-layout-flow wp-block-details-is-layout-flow\"><summary><strong><strong><strong>\u00bfCu\u00e1l es el ambiente del local?<\/strong><\/strong><\/strong><\/summary>\n<p>Kyara es mucho m\u00e1s que un bar. Es un espacio inmersivo que combina est\u00e9tica minimalista, narrativa futurista y una visi\u00f3n postmoderna de la cocteler\u00eda. <\/p>\n\n\n\n<p>En el centro del local destaca nuestro <strong>Compounding Room,<\/strong> un laboratorio creativo con una biblioteca de destilados, extractos y acordes donde se dise\u00f1an recetas \u00fanicas y se sirve nuestra experiencia personalizada de Martini.<\/p>\n\n\n\n<p>El ambiente es vibrante y contempor\u00e1neo: vistas espectaculares, terraza al aire libre y una atm\u00f3sfera casual, pero con intenci\u00f3n.<\/p>\n\n\n\n<p>La m\u00fasica completa la experiencia. <strong>Trap, drill, hip hop, garage y afro trap<\/strong> se mezclan en una selecci\u00f3n mel\u00f3dica y profunda que da protagonismo a artistas emergentes y a los sonidos del ahora. <\/p>\n\n\n\n<p><strong>Kyara es exploraci\u00f3n, precisi\u00f3n y expresi\u00f3n l\u00edquida.<\/strong> Un lugar donde la cocteler\u00eda del futuro cobra vida.<\/p>\n\n\n\n<p>Elegante, relajado y cosmopolita. Ideal para una cita, un afterwork sofisticado o una noche especial con amigos.<\/p>\n<\/details>\n\n\n\n<p><\/p>\n\n\n\n<details class=\"wp-block-details is-layout-flow wp-block-details-is-layout-flow\"><summary><strong><strong><strong><strong>\u00bfSe puede acceder sin reserva?<\/strong><\/strong><\/strong><\/strong><\/summary>\n<p><\/p>\n\n\n\n<p>Nuestro equipo gestionar\u00e1 tu acceso seg\u00fan disponibilidad y aforo en tiempo real. En caso de espera, estaremos encantados de orientarte y hacerte sentir bienvenido desde el primer momento. <\/p>\n<\/details>\n\n\n\n<details class=\"wp-block-details is-layout-flow wp-block-details-is-layout-flow\"><summary><strong><strong><strong><strong><strong>\u00bfHay c\u00f3digo de vestimenta?<\/strong><\/strong><\/strong><\/strong><\/strong><\/summary>\n<p>S\u00ed, pedimos <strong>Smart casual<\/strong>. No se permite ropa de deporte, ba\u00f1adores ni chanclas. <\/p>\n<\/details>\n\n\n\n<details class=\"wp-block-details is-layout-flow wp-block-details-is-layout-flow\"><summary><strong><strong><strong><strong><strong><strong>\u00bfOfrecen comida?<\/strong><\/strong><\/strong><\/strong><\/strong><\/strong><\/summary>\n<p>En Kyara, solo se sirve cocteles.<\/p>\n\n\n\n<p><\/p>\n\n\n\n<p><\/p>\n<\/details>\n\n\n\n<details class=\"wp-block-details is-layout-flow wp-block-details-is-layout-flow\"><summary><strong>\u00bfC\u00f3mo gestionan las alergias alimentarias?<\/strong><\/summary>\n<p>Nuestro personal est\u00e1 formado para informar sobre los al\u00e9rgenos de cada preparaci\u00f3n. Por favor, comun\u00edcalo al llegar. <br> Estamos preparados para adaptar nuestra oferta siempre que sea posible y garantizar una experiencia segura y agradable.<\/p>\n<\/details>\n\n\n\n<details class=\"wp-block-details is-layout-flow wp-block-details-is-layout-flow\"><summary><strong><strong>\u00bfHay c\u00f3cteles sin alcohol?<\/strong><\/strong><\/summary>\n<p>S\u00ed. Elaboramos c\u00f3cteles sin alcohol con el <strong>mismo nivel de complejidad, intenci\u00f3n y presentaci\u00f3n<\/strong> que el resto de la propuesta. Solo tienes que indicarlo a nuestro equipo, y estar\u00e1n encantados de recomendarte opciones a medida. <\/p>\n<\/details>\n\n\n\n<details class=\"wp-block-details is-layout-flow wp-block-details-is-layout-flow\"><summary><strong><strong><strong>\u00bfOfrec\u00e9is opciones veganas o sin gluten?<\/strong><\/strong><\/strong><\/summary>\n<p>S\u00ed, tanto en c\u00f3cteles como en la carta de comida. Ind\u00edcalo al equipo al llegar y estaremos encantados de adaptarnos. <\/p>\n<\/details>\n\n\n\n<details class=\"wp-block-details is-layout-flow wp-block-details-is-layout-flow\"><summary><strong><strong><strong><strong>\u00bfTen\u00e9is terraza o rooftop?<\/strong><\/strong><\/strong><\/strong><\/summary>\n<p>S\u00ed, contamos con una <strong>terraza con vistas espectaculares al mar.<\/strong><\/p>\n<\/details>\n\n\n\n<details class=\"wp-block-details is-layout-flow wp-block-details-is-layout-flow\"><summary><strong><strong><strong><strong><strong><br>\u00bfSe puede fumar?<\/strong><\/strong><\/strong><\/strong><\/strong><\/summary>\n<p>Solo en la zona <strong>exterior habilitada.<\/strong> En el interior no est\u00e1 permitido fumar n<strong>i usar cigarrillos electr\u00f3nicos<\/strong>.<\/p>\n<\/details>\n\n\n\n<details class=\"wp-block-details is-layout-flow wp-block-details-is-layout-flow\"><summary><strong><strong><strong><strong><strong><strong>\u00bfAcept\u00e1is grupos grandes?<\/strong><\/strong><\/strong><\/strong><\/strong><\/strong><\/summary>\n<p>Aceptamos grupos grandes, pero depender\u00e1 siempre de la <strong>disponibilidad y el aforo<\/strong><\/p>\n<\/details>\n\n\n\n<details class=\"wp-block-details is-layout-flow wp-block-details-is-layout-flow\"><summary><strong><strong><strong><strong><strong><strong><strong><br>\u00bfSe pueden celebrar cumplea\u00f1os o eventos especiales?<\/strong><\/strong><\/strong><\/strong><\/strong><\/strong><\/strong><\/summary>\n<p>S\u00ed. Para grupos o celebraciones especiales, ofrecemos o<strong>pciones personalizadas <\/strong>seg\u00fan la disponibilidad del espacio y las necesidades del cliente. Escr\u00edbenos a<a href=\"mailto:kyara.barcelona@slshotels.com\"> <strong>kyara.barcelona@slshotels.com <\/strong><\/a>y estaremos encantados de ayudarte a dise\u00f1ar una propuesta a medida.   <\/p>\n\n\n\n<p><strong>Importante<\/strong>: Para preservar la est\u00e9tica y la experiencia del espacio, no est\u00e1 permitida la entrada de <strong>decoraciones externas<\/strong> como globos, flores, carteles o elementos tem\u00e1ticos (por ejemplo, despedidas de soltero\/a).<br><\/p>\n\n\n\n<p>Kyara ha sido cuidadosamente dise\u00f1ado con un estilo visual muy definido, y cada elemento del ambiente forma parte de esa narrativa.<\/p>\n<\/details>\n\n\n\n<details class=\"wp-block-details is-layout-flow wp-block-details-is-layout-flow\"><summary><strong>\u00bfSe permite la entrada a menores?<\/strong><\/summary>\n<p>Por pol\u00edtica del local y en cumplimiento de la normativa vigente, el acceso a Kyara est\u00e1 <strong>reservado para mayores de 21 a\u00f1os.<\/strong> <\/p>\n\n\n\n<p><strong>Excepci\u00f3n para hu\u00e9spedes del hotel:<\/strong><\/p>\n\n\n\n<p>Los clientes alojados en el hotel pueden acceder al espacio a partir de los <strong>15 a\u00f1os<\/strong>, exclusivamente hasta l<strong>as 22:00 h<\/strong> y siempre<strong> acompa\u00f1ados por un adulto responsable<\/strong>. Es posible que se solicite un documento de identidad v\u00e1lido en el acceso. Agradecemos tu comprensi\u00f3n y colaboraci\u00f3n para mantener una experiencia coherente con el ambiente de Kyara.  <\/p>\n<\/details>\n\n\n\n<details class=\"wp-block-details is-layout-flow wp-block-details-is-layout-flow\"><summary><strong>\u00bfSe puede llevar mascota?<\/strong><\/summary>\n<p><strong>Nos e admiten mascotas.<\/strong><\/p>\n<\/details>\n\n\n\n<details class=\"wp-block-details is-layout-flow wp-block-details-is-layout-flow\"><summary><strong><strong>\u00bfC\u00f3mo puedo ponerme en contacto con vosotros?<\/strong><\/strong><\/summary>\n<p>Puedes escribirnos a nuestro mail <a href=\"mailto:kyara.barcelona@slshotels.com\">kyara.barcelona@slshotels.com<\/a>, <br>enviarnos un mensaje directo en nuestras redes sociales o llamarnos al tel\u00e9fono <a href=\"tel:34932537468\">+34 932 53 74 68<\/a> durante el horario de apertura.<\/p>\n\n\n\n<p>Nuestro equipo responder\u00e1 lo antes posible.<\/p>\n<\/details>\n<\/div>\n","protected":false},"excerpt":{"rendered":"<p>Preguntas frecuentes<\/p>\n","protected":false},"author":45,"featured_media":0,"parent":0,"menu_order":0,"comment_status":"closed","ping_status":"closed","template":"","meta":{"footnotes":""},"class_list":["post-272","page","type-page","status-publish","hentry"],"acf":[],"yoast_head":"<!-- This site is optimized with the Yoast SEO plugin v23.9 - https:\/\/yoast.com\/wordpress\/plugins\/seo\/ -->\n<title>Preguntas frecuentes - kyara<\/title>\n<meta name=\"robots\" content=\"index, follow, max-snippet:-1, max-image-preview:large, max-video-preview:-1\" \/>\n<link rel=\"canonical\" href=\"https:\/\/kyarabarcelona.com\/es\/faq\/\" \/>\n<meta property=\"og:locale\" content=\"es_ES\" \/>\n<meta property=\"og:type\" content=\"article\" \/>\n<meta property=\"og:title\" content=\"Preguntas frecuentes - kyara\" \/>\n<meta property=\"og:description\" content=\"Preguntas frecuentes\" \/>\n<meta property=\"og:url\" content=\"https:\/\/kyarabarcelona.com\/es\/faq\/\" \/>\n<meta property=\"og:site_name\" content=\"kyara\" \/>\n<meta property=\"article:modified_time\" content=\"2025-12-09T09:03:25+00:00\" \/>\n<meta name=\"twitter:card\" content=\"summary_large_image\" \/>\n<meta name=\"twitter:label1\" content=\"Est. reading time\" \/>\n\t<meta name=\"twitter:data1\" content=\"5 minutes\" \/>\n<script type=\"application\/ld+json\" class=\"yoast-schema-graph\">{\"@context\":\"https:\/\/schema.org\",\"@graph\":[{\"@type\":\"WebPage\",\"@id\":\"https:\/\/kyarabarcelona.com\/es\/faq\/\",\"url\":\"https:\/\/kyarabarcelona.com\/es\/faq\/\",\"name\":\"Preguntas frecuentes - kyara\",\"isPartOf\":{\"@id\":\"https:\/\/kyarabarcelona.com\/#website\"},\"datePublished\":\"2025-05-19T13:14:19+00:00\",\"dateModified\":\"2025-12-09T09:03:25+00:00\",\"breadcrumb\":{\"@id\":\"https:\/\/kyarabarcelona.com\/es\/faq\/#breadcrumb\"},\"inLanguage\":\"es-ES\",\"potentialAction\":[{\"@type\":\"ReadAction\",\"target\":[\"https:\/\/kyarabarcelona.com\/es\/faq\/\"]}]},{\"@type\":\"BreadcrumbList\",\"@id\":\"https:\/\/kyarabarcelona.com\/es\/faq\/#breadcrumb\",\"itemListElement\":[{\"@type\":\"ListItem\",\"position\":1,\"name\":\"Home\",\"item\":\"https:\/\/kyarabarcelona.com\/es\/\"},{\"@type\":\"ListItem\",\"position\":2,\"name\":\"Preguntas frecuentes\"}]},{\"@type\":\"WebSite\",\"@id\":\"https:\/\/kyarabarcelona.com\/#website\",\"url\":\"https:\/\/kyarabarcelona.com\/\",\"name\":\"kyara\",\"description\":\"\",\"publisher\":{\"@id\":\"https:\/\/kyarabarcelona.com\/#organization\"},\"potentialAction\":[{\"@type\":\"SearchAction\",\"target\":{\"@type\":\"EntryPoint\",\"urlTemplate\":\"https:\/\/kyarabarcelona.com\/?s={search_term_string}\"},\"query-input\":{\"@type\":\"PropertyValueSpecification\",\"valueRequired\":true,\"valueName\":\"search_term_string\"}}],\"inLanguage\":\"es-ES\"},{\"@type\":\"Organization\",\"@id\":\"https:\/\/kyarabarcelona.com\/#organization\",\"name\":\"kyara\",\"url\":\"https:\/\/kyarabarcelona.com\/\",\"logo\":{\"@type\":\"ImageObject\",\"inLanguage\":\"es-ES\",\"@id\":\"https:\/\/kyarabarcelona.com\/#\/schema\/logo\/image\/\",\"url\":\"https:\/\/kyarabarcelona.com\/wp-content\/uploads\/sites\/8\/2024\/12\/logo-high-res.png\",\"contentUrl\":\"https:\/\/kyarabarcelona.com\/wp-content\/uploads\/sites\/8\/2024\/12\/logo-high-res.png\",\"width\":1220,\"height\":156,\"caption\":\"kyara\"},\"image\":{\"@id\":\"https:\/\/kyarabarcelona.com\/#\/schema\/logo\/image\/\"},\"sameAs\":[\"https:\/\/www.instagram.com\/kyarabarcelona\"]}]}<\/script>\n<!-- \/ Yoast SEO plugin. -->","yoast_head_json":{"title":"Preguntas frecuentes - kyara","robots":{"index":"index","follow":"follow","max-snippet":"max-snippet:-1","max-image-preview":"max-image-preview:large","max-video-preview":"max-video-preview:-1"},"canonical":"https:\/\/kyarabarcelona.com\/es\/faq\/","og_locale":"es_ES","og_type":"article","og_title":"Preguntas frecuentes - kyara","og_description":"Preguntas frecuentes","og_url":"https:\/\/kyarabarcelona.com\/es\/faq\/","og_site_name":"kyara","article_modified_time":"2025-12-09T09:03:25+00:00","twitter_card":"summary_large_image","twitter_misc":{"Est. reading time":"5 minutes"},"schema":{"@context":"https:\/\/schema.org","@graph":[{"@type":"WebPage","@id":"https:\/\/kyarabarcelona.com\/es\/faq\/","url":"https:\/\/kyarabarcelona.com\/es\/faq\/","name":"Preguntas frecuentes - kyara","isPartOf":{"@id":"https:\/\/kyarabarcelona.com\/#website"},"datePublished":"2025-05-19T13:14:19+00:00","dateModified":"2025-12-09T09:03:25+00:00","breadcrumb":{"@id":"https:\/\/kyarabarcelona.com\/es\/faq\/#breadcrumb"},"inLanguage":"es-ES","potentialAction":[{"@type":"ReadAction","target":["https:\/\/kyarabarcelona.com\/es\/faq\/"]}]},{"@type":"BreadcrumbList","@id":"https:\/\/kyarabarcelona.com\/es\/faq\/#breadcrumb","itemListElement":[{"@type":"ListItem","position":1,"name":"Home","item":"https:\/\/kyarabarcelona.com\/es\/"},{"@type":"ListItem","position":2,"name":"Preguntas frecuentes"}]},{"@type":"WebSite","@id":"https:\/\/kyarabarcelona.com\/#website","url":"https:\/\/kyarabarcelona.com\/","name":"kyara","description":"","publisher":{"@id":"https:\/\/kyarabarcelona.com\/#organization"},"potentialAction":[{"@type":"SearchAction","target":{"@type":"EntryPoint","urlTemplate":"https:\/\/kyarabarcelona.com\/?s={search_term_string}"},"query-input":{"@type":"PropertyValueSpecification","valueRequired":true,"valueName":"search_term_string"}}],"inLanguage":"es-ES"},{"@type":"Organization","@id":"https:\/\/kyarabarcelona.com\/#organization","name":"kyara","url":"https:\/\/kyarabarcelona.com\/","logo":{"@type":"ImageObject","inLanguage":"es-ES","@id":"https:\/\/kyarabarcelona.com\/#\/schema\/logo\/image\/","url":"https:\/\/kyarabarcelona.com\/wp-content\/uploads\/sites\/8\/2024\/12\/logo-high-res.png","contentUrl":"https:\/\/kyarabarcelona.com\/wp-content\/uploads\/sites\/8\/2024\/12\/logo-high-res.png","width":1220,"height":156,"caption":"kyara"},"image":{"@id":"https:\/\/kyarabarcelona.com\/#\/schema\/logo\/image\/"},"sameAs":["https:\/\/www.instagram.com\/kyarabarcelona"]}]}},"jetpack_sharing_enabled":true,"_links":{"self":[{"href":"https:\/\/kyarabarcelona.com\/es\/wp-json\/wp\/v2\/pages\/272","targetHints":{"allow":["GET"]}}],"collection":[{"href":"https:\/\/kyarabarcelona.com\/es\/wp-json\/wp\/v2\/pages"}],"about":[{"href":"https:\/\/kyarabarcelona.com\/es\/wp-json\/wp\/v2\/types\/page"}],"author":[{"embeddable":true,"href":"https:\/\/kyarabarcelona.com\/es\/wp-json\/wp\/v2\/users\/45"}],"replies":[{"embeddable":true,"href":"https:\/\/kyarabarcelona.com\/es\/wp-json\/wp\/v2\/comments?post=272"}],"version-history":[{"count":11,"href":"https:\/\/kyarabarcelona.com\/es\/wp-json\/wp\/v2\/pages\/272\/revisions"}],"predecessor-version":[{"id":573,"href":"https:\/\/kyarabarcelona.com\/es\/wp-json\/wp\/v2\/pages\/272\/revisions\/573"}],"wp:attachment":[{"href":"https:\/\/kyarabarcelona.com\/es\/wp-json\/wp\/v2\/media?parent=272"}],"curies":[{"name":"wp","href":"https:\/\/api.w.org\/{rel}","templated":true}]}}